{"id":24,"date":"2019-11-05T19:24:15","date_gmt":"2019-11-05T19:24:15","guid":{"rendered":"http:\/\/www.larabar.ca\/fr\/?page_id=24"},"modified":"2019-12-24T05:43:23","modified_gmt":"2019-12-24T05:43:23","slug":"les-debuts-de-larabar","status":"publish","type":"page","link":"https:\/\/www.larabar.ca\/fr\/les-debuts-de-larabar\/","title":{"rendered":"Les d\u00e9buts de Larabar"},"content":{"rendered":"","protected":false},"excerpt":{"rendered":"","protected":false},"author":3,"featured_media":0,"parent":0,"menu_order":0,"comment_status":"closed","ping_status":"closed","template":"template-modules.php","meta":{"_acf_changed":false,"footnotes":""},"class_list":["post-24","page","type-page","status-publish","hentry"],"acf":[],"yoast_head":"<!-- This site is optimized with the Yoast SEO plugin v27.3 - https:\/\/yoast.com\/product\/yoast-seo-wordpress\/ -->\n<title>Les D\u00e9buts de Larabar | L\u2019histoire de Lara | L\u00c4RABAR<\/title>\n<meta name=\"description\" content=\"Retrouvez l&#039;histoire de L\u00c4RABAR racont\u00e9e par sa fondatrice, Lara Merriken. Notre mission est de cr\u00e9er des aliments savoureux \u00e0 base d&#039;ingr\u00e9dients naturels.\" \/>\n<meta name=\"robots\" content=\"index, follow, max-snippet:-1, max-image-preview:large, max-video-preview:-1\" \/>\n<link rel=\"canonical\" href=\"https:\/\/www.larabar.ca\/fr\/les-debuts-de-larabar\/\" \/>\n<meta property=\"og:locale\" content=\"fr_CA\" \/>\n<meta property=\"og:type\" content=\"article\" \/>\n<meta property=\"og:title\" content=\"Les D\u00e9buts de Larabar | L\u2019histoire de Lara | L\u00c4RABAR\" \/>\n<meta property=\"og:description\" content=\"Retrouvez l&#039;histoire de L\u00c4RABAR racont\u00e9e par sa fondatrice, Lara Merriken. Notre mission est de cr\u00e9er des aliments savoureux \u00e0 base d&#039;ingr\u00e9dients naturels.\" \/>\n<meta property=\"og:url\" content=\"https:\/\/www.larabar.ca\/fr\/les-debuts-de-larabar\/\" \/>\n<meta property=\"og:site_name\" content=\"L\u00e4rabar Canada - FR\" \/>\n<meta property=\"article:modified_time\" content=\"2019-12-24T05:43:23+00:00\" \/>\n<meta name=\"twitter:card\" content=\"summary_large_image\" \/>\n<script type=\"application\/ld+json\" class=\"yoast-schema-graph\">{\"@context\":\"https:\\\/\\\/schema.org\",\"@graph\":[{\"@type\":\"WebPage\",\"@id\":\"https:\\\/\\\/www.larabar.ca\\\/fr\\\/les-debuts-de-larabar\\\/\",\"url\":\"https:\\\/\\\/www.larabar.ca\\\/fr\\\/les-debuts-de-larabar\\\/\",\"name\":\"Les D\u00e9buts de Larabar | L\u2019histoire de Lara | L\u00c4RABAR\",\"isPartOf\":{\"@id\":\"https:\\\/\\\/www.larabar.ca\\\/fr\\\/#website\"},\"datePublished\":\"2019-11-05T19:24:15+00:00\",\"dateModified\":\"2019-12-24T05:43:23+00:00\",\"description\":\"Retrouvez l'histoire de L\u00c4RABAR racont\u00e9e par sa fondatrice, Lara Merriken. Notre mission est de cr\u00e9er des aliments savoureux \u00e0 base d'ingr\u00e9dients naturels.\",\"breadcrumb\":{\"@id\":\"https:\\\/\\\/www.larabar.ca\\\/fr\\\/les-debuts-de-larabar\\\/#breadcrumb\"},\"inLanguage\":\"fr-CA\",\"potentialAction\":[{\"@type\":\"ReadAction\",\"target\":[\"https:\\\/\\\/www.larabar.ca\\\/fr\\\/les-debuts-de-larabar\\\/\"]}]},{\"@type\":\"BreadcrumbList\",\"@id\":\"https:\\\/\\\/www.larabar.ca\\\/fr\\\/les-debuts-de-larabar\\\/#breadcrumb\",\"itemListElement\":[{\"@type\":\"ListItem\",\"position\":1,\"name\":\"Home\",\"item\":\"https:\\\/\\\/www.larabar.ca\\\/fr\\\/\"},{\"@type\":\"ListItem\",\"position\":2,\"name\":\"Les d\u00e9buts de Larabar\"}]},{\"@type\":\"WebSite\",\"@id\":\"https:\\\/\\\/www.larabar.ca\\\/fr\\\/#website\",\"url\":\"https:\\\/\\\/www.larabar.ca\\\/fr\\\/\",\"name\":\"L\u00e4rabar Canada - FR\",\"description\":\"Larabar CA - FR\",\"potentialAction\":[{\"@type\":\"SearchAction\",\"target\":{\"@type\":\"EntryPoint\",\"urlTemplate\":\"https:\\\/\\\/www.larabar.ca\\\/fr\\\/?s={search_term_string}\"},\"query-input\":{\"@type\":\"PropertyValueSpecification\",\"valueRequired\":true,\"valueName\":\"search_term_string\"}}],\"inLanguage\":\"fr-CA\"}]}<\/script>\n<!-- \/ Yoast SEO plugin. -->","yoast_head_json":{"title":"Les D\u00e9buts de Larabar | L\u2019histoire de Lara | L\u00c4RABAR","description":"Retrouvez l'histoire de L\u00c4RABAR racont\u00e9e par sa fondatrice, Lara Merriken. Notre mission est de cr\u00e9er des aliments savoureux \u00e0 base d'ingr\u00e9dients naturels.","robots":{"index":"index","follow":"follow","max-snippet":"max-snippet:-1","max-image-preview":"max-image-preview:large","max-video-preview":"max-video-preview:-1"},"canonical":"https:\/\/www.larabar.ca\/fr\/les-debuts-de-larabar\/","og_locale":"fr_CA","og_type":"article","og_title":"Les D\u00e9buts de Larabar | L\u2019histoire de Lara | L\u00c4RABAR","og_description":"Retrouvez l'histoire de L\u00c4RABAR racont\u00e9e par sa fondatrice, Lara Merriken. Notre mission est de cr\u00e9er des aliments savoureux \u00e0 base d'ingr\u00e9dients naturels.","og_url":"https:\/\/www.larabar.ca\/fr\/les-debuts-de-larabar\/","og_site_name":"L\u00e4rabar Canada - FR","article_modified_time":"2019-12-24T05:43:23+00:00","twitter_card":"summary_large_image","schema":{"@context":"https:\/\/schema.org","@graph":[{"@type":"WebPage","@id":"https:\/\/www.larabar.ca\/fr\/les-debuts-de-larabar\/","url":"https:\/\/www.larabar.ca\/fr\/les-debuts-de-larabar\/","name":"Les D\u00e9buts de Larabar | L\u2019histoire de Lara | L\u00c4RABAR","isPartOf":{"@id":"https:\/\/www.larabar.ca\/fr\/#website"},"datePublished":"2019-11-05T19:24:15+00:00","dateModified":"2019-12-24T05:43:23+00:00","description":"Retrouvez l'histoire de L\u00c4RABAR racont\u00e9e par sa fondatrice, Lara Merriken. Notre mission est de cr\u00e9er des aliments savoureux \u00e0 base d'ingr\u00e9dients naturels.","breadcrumb":{"@id":"https:\/\/www.larabar.ca\/fr\/les-debuts-de-larabar\/#breadcrumb"},"inLanguage":"fr-CA","potentialAction":[{"@type":"ReadAction","target":["https:\/\/www.larabar.ca\/fr\/les-debuts-de-larabar\/"]}]},{"@type":"BreadcrumbList","@id":"https:\/\/www.larabar.ca\/fr\/les-debuts-de-larabar\/#breadcrumb","itemListElement":[{"@type":"ListItem","position":1,"name":"Home","item":"https:\/\/www.larabar.ca\/fr\/"},{"@type":"ListItem","position":2,"name":"Les d\u00e9buts de Larabar"}]},{"@type":"WebSite","@id":"https:\/\/www.larabar.ca\/fr\/#website","url":"https:\/\/www.larabar.ca\/fr\/","name":"L\u00e4rabar Canada - FR","description":"Larabar CA - FR","potentialAction":[{"@type":"SearchAction","target":{"@type":"EntryPoint","urlTemplate":"https:\/\/www.larabar.ca\/fr\/?s={search_term_string}"},"query-input":{"@type":"PropertyValueSpecification","valueRequired":true,"valueName":"search_term_string"}}],"inLanguage":"fr-CA"}]}},"_links":{"self":[{"href":"https:\/\/www.larabar.ca\/fr\/wp-json\/wp\/v2\/pages\/24","targetHints":{"allow":["GET"]}}],"collection":[{"href":"https:\/\/www.larabar.ca\/fr\/wp-json\/wp\/v2\/pages"}],"about":[{"href":"https:\/\/www.larabar.ca\/fr\/wp-json\/wp\/v2\/types\/page"}],"author":[{"embeddable":true,"href":"https:\/\/www.larabar.ca\/fr\/wp-json\/wp\/v2\/users\/3"}],"replies":[{"embeddable":true,"href":"https:\/\/www.larabar.ca\/fr\/wp-json\/wp\/v2\/comments?post=24"}],"version-history":[{"count":0,"href":"https:\/\/www.larabar.ca\/fr\/wp-json\/wp\/v2\/pages\/24\/revisions"}],"wp:attachment":[{"href":"https:\/\/www.larabar.ca\/fr\/wp-json\/wp\/v2\/media?parent=24"}],"curies":[{"name":"wp","href":"https:\/\/api.w.org\/{rel}","templated":true}]}}